{"id":9739,"date":"2017-05-11T08:51:49","date_gmt":"2017-05-11T06:51:49","guid":{"rendered":"http:\/\/udo.springfeld.eu\/blog\/?page_id=9739"},"modified":"2024-11-27T05:38:24","modified_gmt":"2024-11-27T04:38:24","slug":"tweet-review","status":"publish","type":"page","link":"https:\/\/udo.springfeld.eu\/blog\/projekte\/tweet-review\/","title":{"rendered":"Tweet Review"},"content":{"rendered":"<p>Tweet Review <del><a href=\"#Twitter\">ist<\/a><\/del> war eine .NET Anwendung zum systematischen Review des eigenen<sup><a href=\"#footnote_0_9739\" id=\"identifier_0_9739\" class=\"footnote-link footnote-identifier-link\" title=\"per Twitter-Archiv zuvor abgerufenen\">1<\/a><\/sup> Tweet-Aufkommens. Die statistische Aufarbeitung erm\u00f6glicht dabei eine inhaltliche Auseinandersetzung der bisher gesetzten Themen, um neue Themen zu entdecken oder ein Ungleichgewicht bei der Themenwahl zu identifizieren.<\/p>\n<h2 name=\"Twitter\"><del>Twitter<\/del><\/h2>\n<p><del>Twitter<\/del> war ein echtes Soziales Netzwerk. <Echt in dem Sinn, dass Interaktion und Interagierende nicht nur frei \u00fcber ihre Pers\u00f6nlichkeit, Inhalte und sogar die Gestaltung des Sozialen Netzwerkes bestimmen konnten, sondern \u00fcber die &raquo;Wenn das Produkt kostenlos ist, bist du das Produkt.&laquo; keiner wahrnehmbaren \u00f6konomischen Verwertungslogik folgte: Vordergr\u00fcndig schrieb man zu seinem eigenen Gefallen oder zum Gefallen Anderer, nat\u00fcrlich aber produzierte man f\u00fcr Twitter. Auf der Plattform wurde das Soziale Netzwerk schlie\u00dflich angeboten. Aber es wurden keine Daten, Inhalte oder gar Nutzer verkauft. Dann kam ender Heilsbringer Donald Trump und sein Handlanger Elon Musk. Und der Rest ist Geschichte. Wie Twitter. Und <a href=\"https:\/\/udo.springfeld.eu\/blog\/projekte\/tweet-review\/\"><i>Tweet Review<\/i><\/a>.<\/p>\n<p>X, wie es von seinem neuen Inhaber genannt wurde, hat mit all dem nichts gemein. Das glauben auch der neue Inhaber und der neue Machthaber. Aber anders als es die Fakten hergeben, n\u00e4mlich Interaktion und Interagierende, Inhalt und Gestaltung, ist X immer noch Twitter. Allerdings haben sich die Interagierenden grundlegende gewandelt. Mit der Akquisition hat es Elon Musk geschafft, den gro\u00dfartigsten Exit der Neuzeit durchzuexerzieren. Dabei glaubt er, er sei der Akteur. Stattdessen hat er es nur geschafft, den Unternehmenswert binnen k\u00fcrzester Zeit in einen Bruchteil zu schrumpfen. Er hat es geschafft, dass die Nutzerbasis sich grundlegend wandelt &#8211; weg von einer pluralistischen, hin zu einer aus 80% Karteileichen, deaktivierten oder gel\u00f6schten Nutzern. Er hat es geschafft, das diskursive Element qua grundlegender Funktion zu erhalten, aber statt eines Austausch untereinander hat sich de facto ein Schlagabtausch gegeneinander entwickelt &#8211; insofern folgt dieses ehedem Soziale Netzwerk demselben Prozess, dem die Gesellschaft folgt: Die Stimmung kippt. Und dann hat es Elon Musk noch geschafft, ein freiheitliches in einem totalit\u00e4ren System zu schaffen: Statt das Board, Mitarbeiter:innen und Benutzer:innen die Plattform gemeinsam gestalten hat jetzt ein Trottel das Zepter in der Hand. Er ver\u00fcbt seit der Unterschrift unter dem Vertrag Anschlag auf Anschlag auf seine eigene Plattform. Insofern ist er wie sein Idol Donald Trump. Und beide und beides wird kein gutes Ende nehmen. Den Rest schreibt aber die Geschichte &#8211; ohne seine B\u00fcrger:innen und Benutzer:innen, nur Faschisten und Fanatiker.<\/p>\n<ol class=\"footnotes\"><li id=\"footnote_0_9739\" class=\"footnote\">per Twitter-Archiv zuvor abgerufenen [<a href=\"#identifier_0_9739\" class=\"footnote-link footnote-back-link\">&#8617;<\/a>]<\/li><\/ol>","protected":false},"excerpt":{"rendered":"<p>Tweet Review ist war eine .NET Anwendung zum systematischen Review des eigenen1 Tweet-Aufkommens. Die statistische Aufarbeitung erm\u00f6glicht dabei eine inhaltliche Auseinandersetzung der bisher gesetzten Themen, um neue Themen zu entdecken oder ein Ungleichgewicht bei der Themenwahl zu identifizieren. Twitter Twitter war ein echtes Soziales Netzwerk.<\/p>\n","protected":false},"author":1,"featured_media":0,"parent":8248,"menu_order":1,"comment_status":"closed","ping_status":"closed","template":"","meta":{"footnotes":""},"class_list":["post-9739","page","type-page","status-publish","hentry"],"_links":{"self":[{"href":"https:\/\/udo.springfeld.eu\/blog\/wp-json\/wp\/v2\/pages\/9739","targetHints":{"allow":["GET"]}}],"collection":[{"href":"https:\/\/udo.springfeld.eu\/blog\/wp-json\/wp\/v2\/pages"}],"about":[{"href":"https:\/\/udo.springfeld.eu\/blog\/wp-json\/wp\/v2\/types\/page"}],"author":[{"embeddable":true,"href":"https:\/\/udo.springfeld.eu\/blog\/wp-json\/wp\/v2\/users\/1"}],"replies":[{"embeddable":true,"href":"https:\/\/udo.springfeld.eu\/blog\/wp-json\/wp\/v2\/comments?post=9739"}],"version-history":[{"count":4,"href":"https:\/\/udo.springfeld.eu\/blog\/wp-json\/wp\/v2\/pages\/9739\/revisions"}],"predecessor-version":[{"id":11423,"href":"https:\/\/udo.springfeld.eu\/blog\/wp-json\/wp\/v2\/pages\/9739\/revisions\/11423"}],"up":[{"embeddable":true,"href":"https:\/\/udo.springfeld.eu\/blog\/wp-json\/wp\/v2\/pages\/8248"}],"wp:attachment":[{"href":"https:\/\/udo.springfeld.eu\/blog\/wp-json\/wp\/v2\/media?parent=9739"}],"curies":[{"name":"wp","href":"https:\/\/api.w.org\/{rel}","templated":true}]}}