{"id":9533,"date":"2016-11-18T13:01:47","date_gmt":"2016-11-18T12:01:47","guid":{"rendered":"http:\/\/udo.springfeld.eu\/blog\/?page_id=9533"},"modified":"2016-11-18T13:01:47","modified_gmt":"2016-11-18T12:01:47","slug":"datenschutzerklaerung","status":"publish","type":"page","link":"https:\/\/udo.springfeld.eu\/blog\/in-eigener-sache\/datenschutzerklaerung\/","title":{"rendered":"Datenschutzerkl\u00e4rung"},"content":{"rendered":"<p>Beim Besuch meines Blog entstehen Daten. Bei der Einrichtung meines Blogs habe ich auf Datensparsamkeit geachtet, der Form das nur ein lokal installiertes Tool (Piwik) zur Analyse der dabei entstehenden Datenspuren verwendet wird, und das dabei auch den Erfordernissen des deutschen Datenschutz Rechnung getragen &#8211; also die IP-Adresse nur gek\u00fcrzt &#8211; werden. Der Schutz Ihrer Privatsph\u00e4re bei der Nutzung unserer Webseiten ist uns besonders wichtig. Soweit Namen angegeben sind, handelt es sich um Personen des \u00f6ffentlichen Leben. Insofern sie sich in meinem Blog wiederfinden, und dem widersprechen m\u00f6chten, teilen sie mir das bitte pers\u00f6nlich mit &#8211; entsprechende Anfragen werden selbstverst\u00e4ndlich vertraulich und vollumf\u00e4nglich behandelt.<\/p>\n<h2>Erhebung und Verarbeitung pers\u00f6nlicher Daten<\/h2>\n<p>Wenn sie mein Blog besuchen, speichert es standardm\u00e4\u00dfig das erste Zahlenpaar ihrer IP-Adresse, den Browser und das Betriebssystem, das sie verwenden, die Webseite, von der aus sie uns besuchen, die Webseite, die sie bei uns besuchen, sowie das Datum und die Uhrzeit des Besuches. Die so erhobenen Daten dienen der nicht personenbezogenen Nutzungsanalyse, sodass aus der Nachfrage ein zuk\u00fcnftiges Angebot abgeleitet werden kann. Personenbezogene Nutzerprofile werden erst gar nicht gebildet. Es ist auch nicht m\u00f6glich im Blog Kommentare zu hinterlassen. F\u00fcr die Analyse werden Cookies verwendet, Cookies sind Textinformationen, die auf Ihrem Computer gespeichert werden. Die in diesen Cookies hinterlegten Informationen dienen der Zuordnung zu einem Besuch auf meiner Webseite. Sie werden nicht an Dritte weitergegeben. Die gespeicherten anonymisierten Daten werden ausschlie\u00dflich zu statistischen Zwecken ausgewertet. Die Auswertung soll Aufschluss \u00fcber allgemeine Interessen und \u00fcber die Pr\u00e4ferenzen unserer Besucher geben.<br \/>\nSie k\u00f6nnen die Verwendung der Cookies durch eine entsprechende Einstellung Ihrer Browser Software verhindern, ich rufe dazu sogar auf jeder einzelnen Seite ebenso auf wie zur Nutzung eines Ad Blocker.<br \/>\nPersonenbezogene Daten werden f\u00fcr mich nur von Dritten und f\u00fcr den Zweck erhoben und verarbeitet, f\u00fcr den sie diese uns \u00fcberlassen. Beispiel hierf\u00fcr ist der E-Mail Kontakt, der aber \u00fcber ihr eigens Programm, Konto und E-Mail Adresse stattfindet. <\/p>\n<h2>Vertraulichkeit<\/h2>\n<p>Eine Weitergabe von Daten an Dritte findet nur statt, wenn Sie mir hierzu Ihre Einwilligung erteilen. <\/p>\n<p>Wenn Sie uns eine E-Mail senden, so wird Ihre Mail-Adresse nur f\u00fcr die Korrespondenz mit Ihnen verwendet.<\/p>\n","protected":false},"excerpt":{"rendered":"<p>Beim Besuch meines Blog entstehen Daten. Bei der Einrichtung meines Blogs habe ich auf Datensparsamkeit geachtet, der Form das nur ein lokal installiertes Tool (Piwik) zur Analyse der dabei entstehenden Datenspuren verwendet wird, und das dabei auch den Erfordernissen des deutschen Datenschutz Rechnung getragen &#8211; also die IP-Adresse nur gek\u00fcrzt &#8211; werden. Der Schutz Ihrer [&hellip;]<\/p>\n","protected":false},"author":1,"featured_media":0,"parent":8090,"menu_order":0,"comment_status":"closed","ping_status":"closed","template":"","meta":{"footnotes":""},"class_list":["post-9533","page","type-page","status-publish","hentry"],"_links":{"self":[{"href":"https:\/\/udo.springfeld.eu\/blog\/wp-json\/wp\/v2\/pages\/9533","targetHints":{"allow":["GET"]}}],"collection":[{"href":"https:\/\/udo.springfeld.eu\/blog\/wp-json\/wp\/v2\/pages"}],"about":[{"href":"https:\/\/udo.springfeld.eu\/blog\/wp-json\/wp\/v2\/types\/page"}],"author":[{"embeddable":true,"href":"https:\/\/udo.springfeld.eu\/blog\/wp-json\/wp\/v2\/users\/1"}],"replies":[{"embeddable":true,"href":"https:\/\/udo.springfeld.eu\/blog\/wp-json\/wp\/v2\/comments?post=9533"}],"version-history":[{"count":1,"href":"https:\/\/udo.springfeld.eu\/blog\/wp-json\/wp\/v2\/pages\/9533\/revisions"}],"predecessor-version":[{"id":9534,"href":"https:\/\/udo.springfeld.eu\/blog\/wp-json\/wp\/v2\/pages\/9533\/revisions\/9534"}],"up":[{"embeddable":true,"href":"https:\/\/udo.springfeld.eu\/blog\/wp-json\/wp\/v2\/pages\/8090"}],"wp:attachment":[{"href":"https:\/\/udo.springfeld.eu\/blog\/wp-json\/wp\/v2\/media?parent=9533"}],"curies":[{"name":"wp","href":"https:\/\/api.w.org\/{rel}","templated":true}]}}