{"id":9406,"date":"2016-11-10T16:49:41","date_gmt":"2016-11-10T15:49:41","guid":{"rendered":"http:\/\/udo.springfeld.eu\/blog\/?page_id=9406"},"modified":"2023-08-22T06:52:13","modified_gmt":"2023-08-22T04:52:13","slug":"tosm","status":"publish","type":"page","link":"https:\/\/udo.springfeld.eu\/blog\/in-eigener-sache\/tosm\/","title":{"rendered":"TOSM"},"content":{"rendered":"<p>Darf ich vorstellen: Das sind <a href=\"http:\/\/udo.springfeld.eu\/blog\/\">meine<\/a> <strong>TOSM<\/strong> (short of: Terms of Social Media).<\/p>\n<h2>Partnerprogramm(\u20ac)<\/h2>\n<p>Durch die Teilnahme an Partnerprogramm(\u20ac)n kann man die Kosten, etwa f\u00fcr Domain, Strom, Hardware, die durch die Bereitstellung beispielsweise eines Blogs entstehen teils wieder hereinholen. Transparenz halber sind diese Links gekennzeichnet, und zwar mit einem &#8222;(\u20ac)&#8220; dahinter. Wer darauf klickt und kauft, kofinanziert damit diesen Blog. Danke daf\u00fcr! Ich gebe mir meinerseits nicht nur M\u00fche damit, jeden Link entsprechend zu kennzeichnen, sondern versichere die nur aus innerer \u00dcberzeugung anzubringen. Von Anfragen die mich von Anderem \u00fcberzeugen suchen bitte ich abzusehen. <\/p>\n<h2>*mus aka Hatespeech<\/h2>\n<blockquote class=\"twitter-tweet\" data-width=\"450\" data-dnt=\"true\">\n<p lang=\"de\" dir=\"ltr\">Kommt ein rassistischer Witz in eine Bar, und der Barkeeper so: So was wie sie bedienen wir hier nicht. <a href=\"https:\/\/twitter.com\/hashtag\/tosm?src=hash&amp;ref_src=twsrc%5Etfw\">#tosm<\/a><\/p>\n<p>&mdash; P\u0336S\u0336E\u0336UDON\u0336Y\u0336M\u0336 \ud83d\udeb2 \uea00 @springfeld@mastodon.social (@springfeld) <a href=\"https:\/\/twitter.com\/springfeld\/status\/796739792214126592?ref_src=twsrc%5Etfw\">November 10, 2016<\/a><\/p><\/blockquote>\n<p><script async src=\"https:\/\/platform.twitter.com\/widgets.js\" charset=\"utf-8\"><\/script><\/p>\n<p>Rassismus, Sexismus, Faschismus, Nationalismus, &#8230;, kurzum, jedwede Form von Hatespeech fliegt in persona des Verfassers aus der Timeline, strafbare Inhalte werden \u00fcberdies zur Anzeige gebracht.<\/p>\n<h2>\u20ac\u20ac\u20ac mit Hass<\/h2>\n<p>Wer Hatespeech bedienende Bl\u00e4ttchen wie Focus und #dBil als Grundlage seiner Argumentation verwendet, der hat sich f\u00fcr die Debatte disqualifiziert. Deren Verlage verdienen mit Hass Geld und sie haben gelernt mit dem Trigger Klicks zu generieren &#8211; wissentlich und im schlimmsten Fall gezielt und unter Inkaufnahme der Konsequenzen.<\/p>\n","protected":false},"excerpt":{"rendered":"<p>Darf ich vorstellen: Das sind meine TOSM (short of: Terms of Social Media). Partnerprogramm(\u20ac) Durch die Teilnahme an Partnerprogramm(\u20ac)n kann man die Kosten, etwa f\u00fcr Domain, Strom, Hardware, die durch die Bereitstellung beispielsweise eines Blogs entstehen teils wieder hereinholen. Transparenz halber sind diese Links gekennzeichnet, und zwar mit einem &#8222;(\u20ac)&#8220; dahinter. Wer darauf klickt und [&hellip;]<\/p>\n","protected":false},"author":1,"featured_media":0,"parent":8090,"menu_order":2,"comment_status":"closed","ping_status":"closed","template":"","meta":{"footnotes":""},"class_list":["post-9406","page","type-page","status-publish","hentry"],"_links":{"self":[{"href":"https:\/\/udo.springfeld.eu\/blog\/wp-json\/wp\/v2\/pages\/9406","targetHints":{"allow":["GET"]}}],"collection":[{"href":"https:\/\/udo.springfeld.eu\/blog\/wp-json\/wp\/v2\/pages"}],"about":[{"href":"https:\/\/udo.springfeld.eu\/blog\/wp-json\/wp\/v2\/types\/page"}],"author":[{"embeddable":true,"href":"https:\/\/udo.springfeld.eu\/blog\/wp-json\/wp\/v2\/users\/1"}],"replies":[{"embeddable":true,"href":"https:\/\/udo.springfeld.eu\/blog\/wp-json\/wp\/v2\/comments?post=9406"}],"version-history":[{"count":5,"href":"https:\/\/udo.springfeld.eu\/blog\/wp-json\/wp\/v2\/pages\/9406\/revisions"}],"predecessor-version":[{"id":11350,"href":"https:\/\/udo.springfeld.eu\/blog\/wp-json\/wp\/v2\/pages\/9406\/revisions\/11350"}],"up":[{"embeddable":true,"href":"https:\/\/udo.springfeld.eu\/blog\/wp-json\/wp\/v2\/pages\/8090"}],"wp:attachment":[{"href":"https:\/\/udo.springfeld.eu\/blog\/wp-json\/wp\/v2\/media?parent=9406"}],"curies":[{"name":"wp","href":"https:\/\/api.w.org\/{rel}","templated":true}]}}