{"id":11512,"date":"2025-08-07T19:07:46","date_gmt":"2025-08-07T17:07:46","guid":{"rendered":"https:\/\/udo.springfeld.eu\/blog\/?page_id=11512"},"modified":"2025-08-07T19:10:54","modified_gmt":"2025-08-07T17:10:54","slug":"tierschutzbeauftragte-a-d-in-spe","status":"publish","type":"page","link":"https:\/\/udo.springfeld.eu\/blog\/tierschutzbeauftragte-a-d-in-spe\/","title":{"rendered":"Tierschutzbeauftragte a. D. in spe"},"content":{"rendered":"\n<p>Ich schreibe es, wie es ist &#8211; aber jetzt nochmal weniger justizjabel:\u00a0 Konservative sind absolut verkommener Abschaum Alle. Aber ganz besonders ver\u00e4chtlich machen sie sich \u00fcber sich selbst, wenn sie sich \u00fcber die Anderen erheben und auf sie herabschauen. Und ganz besonders erhaben scheinen sie sich zu empfinden, wenn ihre Opfer sich nicht wehren k\u00f6nnen. Und damit meine ich nicht die \u00fcblichen Ziele dieser sich f\u00fcr Schwarzbraun schick machenden neokonservaiven Blase. Nein, diesmal geht es nicht um Angriffe auf Gr\u00fcne, Andersdenkende oder Gl\u00e4ubige anderer Konfession als die in deren Namen, nicht um LGBTQ+ oder PoC, nichtmal um linker Politik verd\u00e4chtige oder &#8222;Die Gr\u00fcnen!!1! Obwohl. Um die Gr\u00fcnen geht es irgendwie indirekt doch. Denn die erste und einzige Tierschutzbeauftragte wurde von denen Gr\u00fcnen besetzt. Sie war trotzdem oder gerade deswegen nicht Quote, Proporz oder Versorgung von Parteifreunden wegen in ihrem Job. Sie war es qua Qualifikation und hat das Amt im besten Namenssinn auage\u00fcbt.<\/p>\n\n\n\n<p>Und was Tierwohl im Sinn der Konservativen bedeutet wei\u00df Jedermensch:<\/p>\n\n\n\n<ul class=\"wp-block-list\">\n<li>Kastration von Ferkeln ohne Bet\u00e4ubung<\/li>\n\n\n\n<li>K\u00fckenschreddern und Vergasen<\/li>\n\n\n\n<li>Abbau von Kontrollstrukturen in den Kommunen (alle Jahrzehnte eine angek\u00fcndigte Kontrolle)<\/li>\n\n\n\n<li>EU-Subventionen f\u00fcr Intensiv-Viehwirtachaft<\/li>\n\n\n\n<li>Tierrechtler kriminalisieren<\/li>\n\n\n\n<li>Lebensmittel- und Viehhaltunggsskandale ohne \u00d6ffentlichkeit und Konsequenzen<\/li>\n\n\n\n<li>Standhaltung auf so viel Quadratmetern wie einer Telefonzelle <\/li>\n<\/ul>\n\n\n\n<p>Diese Listen lie\u00dfe aich unendlich fortsetzen.<\/p>\n\n\n\n<p>Seit an Seit mit Christian Lindner standen Konservative auf Berliner B\u00fchnen und krochen dort dem so genannten Bauernverband in den Arsch. Ein Verbandmit irref\u00fchremdem Namen: Spender und Mitglieder sind verm\u00f6gende Gro\u00dfgrundbesitzer, hervorgegangemen aus einer dem Kapitalismus naturgem\u00e4\u00df inne wohnenden Konzentratioswelle, auf der\u00a0 skrupellose Gewinnoptimierer, die noch nie selbst einen Fuss in einen Stall gesetzt haben. Im Sinn des Tierschutz kriminelle, die das wortw\u00f6rtlich Letzte aus ihren keineswegs b\u00e4uerlichen Betrieben, sonderen industriell strukturierten Niederlassungen rausquetschen und so peu a peut traditionellen B\u00e4uer:innen verdr\u00e4ngen. Abachaum der Saisonarbeiter abzockt, gemeinsame Sache mit kriminellen Schlachtern macht. Das ist Tierschutz konservative<\/p>\n\n\n\n<p>Die sind keineswegs nur k\u00e4uflich. Korruption k\u00f6nnte man mit Gier erkl\u00e4ren. In unserer Gesellschaft ist ein Mangel ein Makel. Nein. Konseevative ains \u00fcberzeugte Tierqu\u00e4ler. Schlimmer noch: Sie sind wie immer zu feige &#8222;die Drecksarbeit zu erledigen&#8220;, um Friedrich Merz mal zu bem\u00fchen. Sie lassen, wie die meisten Fleischfresser Aufzucht, Haltung, Schlachtung und Verarbeitung andere erledigen und erwarten nur Filet folieet in der K\u00fchltheke.<\/p>\n\n\n\n<p>Und sie h\u00e4tten die Macht etwaa daran zu \u00e4ndern. <\/p>\n\n\n\n<p>Tun sie aber nicht. Vielmehr verwandeln sie auch dieses Amt in einen Versorgungsposten.<\/p>\n\n\n\n<p>Sie ziehen dem Tiger lebend die Z\u00e4hne, nehmen ihn aus und legen ihn im Bundesministerium als Vorleger aus, und all das nicht weil sie sich ein paar hunderttausend Euro Spenden vom Verband verdienen wollen. Nein, sie machen das aus \u00dcberzeugung. Sie lieben Tierqu\u00e4lerei. Und niemand soll sie davon abhalten.<\/p>\n\n\n\n<p>Fleischverzehr beg\u00fcnstigt degenerative Krankheiten wie Demenz.<\/p>\n\n\n\n<p><\/p>\n","protected":false},"excerpt":{"rendered":"<p>Ich schreibe es, wie es ist &#8211; aber jetzt nochmal weniger justizjabel:\u00a0 Konservative sind absolut verkommener Abschaum Alle. Aber ganz besonders ver\u00e4chtlich machen sie sich \u00fcber sich selbst, wenn sie sich \u00fcber die Anderen erheben und auf sie herabschauen. Und ganz besonders erhaben scheinen sie sich zu empfinden, wenn ihre Opfer sich nicht wehren k\u00f6nnen. [&hellip;]<\/p>\n","protected":false},"author":1,"featured_media":0,"parent":0,"menu_order":0,"comment_status":"closed","ping_status":"closed","template":"","meta":{"footnotes":""},"class_list":["post-11512","page","type-page","status-publish","hentry"],"_links":{"self":[{"href":"https:\/\/udo.springfeld.eu\/blog\/wp-json\/wp\/v2\/pages\/11512","targetHints":{"allow":["GET"]}}],"collection":[{"href":"https:\/\/udo.springfeld.eu\/blog\/wp-json\/wp\/v2\/pages"}],"about":[{"href":"https:\/\/udo.springfeld.eu\/blog\/wp-json\/wp\/v2\/types\/page"}],"author":[{"embeddable":true,"href":"https:\/\/udo.springfeld.eu\/blog\/wp-json\/wp\/v2\/users\/1"}],"replies":[{"embeddable":true,"href":"https:\/\/udo.springfeld.eu\/blog\/wp-json\/wp\/v2\/comments?post=11512"}],"version-history":[{"count":1,"href":"https:\/\/udo.springfeld.eu\/blog\/wp-json\/wp\/v2\/pages\/11512\/revisions"}],"predecessor-version":[{"id":11513,"href":"https:\/\/udo.springfeld.eu\/blog\/wp-json\/wp\/v2\/pages\/11512\/revisions\/11513"}],"wp:attachment":[{"href":"https:\/\/udo.springfeld.eu\/blog\/wp-json\/wp\/v2\/media?parent=11512"}],"curies":[{"name":"wp","href":"https:\/\/api.w.org\/{rel}","templated":true}]}}