{"id":11506,"date":"2025-06-29T13:02:17","date_gmt":"2025-06-29T11:02:17","guid":{"rendered":"https:\/\/udo.springfeld.eu\/blog\/?page_id=11506"},"modified":"2025-06-29T13:03:53","modified_gmt":"2025-06-29T11:03:53","slug":"mindmapp","status":"publish","type":"page","link":"https:\/\/udo.springfeld.eu\/blog\/projekte\/mindmapp\/","title":{"rendered":"Mindmapp"},"content":{"rendered":"<p>Mindmapp ist eine Mindmapping App.<\/p>\n<p>Mit Mindmaps kann man Wissen schaffen, indem man Informationen Struktur gibt.<\/p>\n<p>Mit <a href=\"https:\/\/mindmapp.0-1.de\/\">Mindmapp<\/a> habe <i>ich<\/i> ein MVP einer Mindmapping App erstellt. Eine frei von propriet\u00e4ren Formaten, geschlossenen Plattformen, nur auf bestimmten Betriebssystemen oder Browsern lauff\u00e4hige und f\u00fcr den Nutzer kostenlose App, mit der jeder jederzeit \u00fcberall und ohne Ablenkung Wissen schaffen kann.<\/p>\n<h2>tl;dr<\/h2>\n<h3>Wissen sollte aber frei sein. Mindmapping Software ist es in der Regel nicht.<\/h3>\n<p>Mindmapping Software gibt es wie Sand in der Dusche, wenn man zuvor am Meer war. Und es gibt hervorragende, gute und schlechte Mindmapping Software. Und vor allem gibt es keine, die so frei ist, wie Informationen im Internet sein sollten. Frei von Abh\u00e4ngigkeiten. Ich wollte mich nicht in die Abh\u00e4ngigkeit von einer bestimmten propriet\u00e4ren Format, Software, Preisschild oder Plattform begeben. Und deswegen habe ich mich Free Mind anvertraut. Noch bevor ich die richtig zu sch\u00e4tzen gewonnen habe, war deren Fortentwicklung eingestellt worden. Zu dem Zeitpunkt hatte ich zwar die F\u00e4higkeiten, die Fortentwicklung zu \u00fcbernehmen, aber nicht die Zeit. Und zum Gl\u00fcck trat deren Fork Freeplane auf den Plan. Aber so ambitioniert Java einmal als Betriebssystem-unabh\u00e4ngige Programmiersprache gestartet war <\/p>\n<h3>Flie\u00dftext ufert aus<\/h3>\n<p><strong>Flie\u00dftext<\/strong> ist dazu genauso geeignet, geht aber flie\u00dfend in Prosa \u00fcber.<\/p>\n<h3>Killerfeature Overengineering<\/h3>\n<p>Routenplanung war eines der fr\u00fchesten Killerfeatures im Internet. Routenplanung und freies Wissen sind trotz aller totalit\u00e4rer Tendenzen der Tech Bros bis heute weitgehend frei von unmittelbar wahrnehmbaren Verg\u00fctungsmodellen, und das obwohl sie genauso den <strong>Verwertungslogik<\/strong>en unserer Epoche unterliegen. Wir haben es dank ihres Nutzens geschafft, den Nutzen f\u00fcr die Anbieter auszublenden wie die Werbung die mit den Chatbot- und Suchmaschinen-Ergebnissen einerseits und der allgegenw\u00e4rtigen Erfassung unserer Bewegungsdaten einhergehen.<\/p>\n<h3>Lauter B\u00e4ume sind kein Wald<\/h3>\n<p>Wissensarbeiter:innen haben einen Fundus verf\u00fcgbarer Methoden zur Wissensgewinnung. Und es gibt fantastische Werkzeuge f\u00fcr alle Lagen &#8211; angefangen von der Quellenforschung zur Erlangung eines \u00dcberblicks \u00fcber den Wissens-, Entwicklungs-, Forschungsstand bis hin zur Strukturierung der eigenen Ergebnisse. Entwicklungen scheitern an unvollst\u00e4ndigen Spezifikationen, ungen\u00fcgender Implementierung und Verzicht auf qualifizierte Funktionstests in der Qualit\u00e4tssicherung. Aber all diese Aspekte scheitern vor allem daran, dass den Beteiligten ein \u00dcberblick \u00fcber ihr jeweiliges Aufgabengebiet fehlt.<\/p>\n","protected":false},"excerpt":{"rendered":"<p>Mindmapp ist eine Mindmapping App. Mit Mindmaps kann man Wissen schaffen, indem man Informationen Struktur gibt. Mit Mindmapp habe ich ein MVP einer Mindmapping App erstellt. Eine frei von propriet\u00e4ren Formaten, geschlossenen Plattformen, nur auf bestimmten Betriebssystemen oder Browsern lauff\u00e4hige und f\u00fcr den Nutzer kostenlose App, mit der jeder jederzeit \u00fcberall und ohne Ablenkung Wissen [&hellip;]<\/p>\n","protected":false},"author":1,"featured_media":0,"parent":8248,"menu_order":0,"comment_status":"closed","ping_status":"closed","template":"","meta":{"footnotes":""},"class_list":["post-11506","page","type-page","status-publish","hentry"],"_links":{"self":[{"href":"https:\/\/udo.springfeld.eu\/blog\/wp-json\/wp\/v2\/pages\/11506","targetHints":{"allow":["GET"]}}],"collection":[{"href":"https:\/\/udo.springfeld.eu\/blog\/wp-json\/wp\/v2\/pages"}],"about":[{"href":"https:\/\/udo.springfeld.eu\/blog\/wp-json\/wp\/v2\/types\/page"}],"author":[{"embeddable":true,"href":"https:\/\/udo.springfeld.eu\/blog\/wp-json\/wp\/v2\/users\/1"}],"replies":[{"embeddable":true,"href":"https:\/\/udo.springfeld.eu\/blog\/wp-json\/wp\/v2\/comments?post=11506"}],"version-history":[{"count":2,"href":"https:\/\/udo.springfeld.eu\/blog\/wp-json\/wp\/v2\/pages\/11506\/revisions"}],"predecessor-version":[{"id":11508,"href":"https:\/\/udo.springfeld.eu\/blog\/wp-json\/wp\/v2\/pages\/11506\/revisions\/11508"}],"up":[{"embeddable":true,"href":"https:\/\/udo.springfeld.eu\/blog\/wp-json\/wp\/v2\/pages\/8248"}],"wp:attachment":[{"href":"https:\/\/udo.springfeld.eu\/blog\/wp-json\/wp\/v2\/media?parent=11506"}],"curies":[{"name":"wp","href":"https:\/\/api.w.org\/{rel}","templated":true}]}}