{"id":11452,"date":"2025-01-24T07:44:56","date_gmt":"2025-01-24T06:44:56","guid":{"rendered":"https:\/\/udo.springfeld.eu\/blog\/?page_id=11452"},"modified":"2025-01-24T07:48:33","modified_gmt":"2025-01-24T06:48:33","slug":"hanns-martin-schleyer-halle","status":"publish","type":"page","link":"https:\/\/udo.springfeld.eu\/blog\/bewaehrtungen\/hanns-martin-schleyer-halle\/","title":{"rendered":"Hanns-Martin-Schleyer-Halle"},"content":{"rendered":"\n<p>Garderoben gibt&#8217;s keine. F\u00fcr 7000 G\u00e4ste wurden stattdessen Schlie\u00dff\u00e4cher 70 aufgestellt. An die Frische Luft kommt man nur in Gesellschaft von Rauchern. Und nach Ende der Veranstaltung dauert es ewig, bis sich das Publikum durch die viel zu engen Flure und Treppenh\u00e4user nach drau\u00dfen schleichen &#8211; so lang, dass Zweifel berecht sind, ob die Feuerwehr jemals das Evakuierungskonzept der Fluchtwege gesehen hat. Das war unser erster und letzter Besuch in der nach dem Mitglied einer verbrecherischen Organisation des Nationalsozialismus benannten Betonburg.<\/p>\n","protected":false},"excerpt":{"rendered":"<p>Garderoben gibt&#8217;s keine. F\u00fcr 7000 G\u00e4ste wurden stattdessen Schlie\u00dff\u00e4cher 70 aufgestellt. An die Frische Luft kommt man nur in Gesellschaft von Rauchern. Und nach Ende der Veranstaltung dauert es ewig, bis sich das Publikum durch die viel zu engen Flure und Treppenh\u00e4user nach drau\u00dfen schleichen &#8211; so lang, dass Zweifel berecht sind, ob die Feuerwehr [&hellip;]<\/p>\n","protected":false},"author":1,"featured_media":0,"parent":11448,"menu_order":0,"comment_status":"closed","ping_status":"closed","template":"","meta":{"footnotes":""},"class_list":["post-11452","page","type-page","status-publish","hentry"],"_links":{"self":[{"href":"https:\/\/udo.springfeld.eu\/blog\/wp-json\/wp\/v2\/pages\/11452","targetHints":{"allow":["GET"]}}],"collection":[{"href":"https:\/\/udo.springfeld.eu\/blog\/wp-json\/wp\/v2\/pages"}],"about":[{"href":"https:\/\/udo.springfeld.eu\/blog\/wp-json\/wp\/v2\/types\/page"}],"author":[{"embeddable":true,"href":"https:\/\/udo.springfeld.eu\/blog\/wp-json\/wp\/v2\/users\/1"}],"replies":[{"embeddable":true,"href":"https:\/\/udo.springfeld.eu\/blog\/wp-json\/wp\/v2\/comments?post=11452"}],"version-history":[{"count":1,"href":"https:\/\/udo.springfeld.eu\/blog\/wp-json\/wp\/v2\/pages\/11452\/revisions"}],"predecessor-version":[{"id":11453,"href":"https:\/\/udo.springfeld.eu\/blog\/wp-json\/wp\/v2\/pages\/11452\/revisions\/11453"}],"up":[{"embeddable":true,"href":"https:\/\/udo.springfeld.eu\/blog\/wp-json\/wp\/v2\/pages\/11448"}],"wp:attachment":[{"href":"https:\/\/udo.springfeld.eu\/blog\/wp-json\/wp\/v2\/media?parent=11452"}],"curies":[{"name":"wp","href":"https:\/\/api.w.org\/{rel}","templated":true}]}}