{"id":10622,"date":"2019-07-31T20:15:55","date_gmt":"2019-07-31T18:15:55","guid":{"rendered":"http:\/\/udo.springfeld.eu\/blog\/?page_id=10622"},"modified":"2019-07-31T20:16:33","modified_gmt":"2019-07-31T18:16:33","slug":"wlan-router-access-point-und-router-in-einem","status":"publish","type":"page","link":"https:\/\/udo.springfeld.eu\/blog\/i%e2%99%a5%ef%b8%8fit\/lmgitfy\/wlan-router-access-point-und-router-in-einem\/","title":{"rendered":"WLAN-Router: Access Point und Router in einem"},"content":{"rendered":"<p>WLAN-Router vereinen zwei Funktionen in einem: Ein Access Point erm\u00f6glicht den Aufbau eines drahtlosen, lokalen Netzwerkes aus kabelungebundenen Ger\u00e4ten wie Personal Digtal Assistants (kurz PDA) und Notebooks. Ein Router verbindet das so etablierte Netzwerk mit der Aussenwelt, also beispielsweise anderen lokalen Netzwerken oder dem Internet. Ob das lokale Netzwerk aus nur einem oder dutzenden Endger\u00e4ten besteht ist irrelevant, ebenso wie deren Technik: WLAN-Router funktionieren autark, ihre Konfiguration wird in den meisten F\u00e4llen \u00fcber einen eingebauten Webserver erledigt.<\/p>\n<p>Ein Accesspoint dient daran &#8218;angeschlossenen&#8216; Ger\u00e4ten als gemeinsame Schnittstelle. Der Aktionsradius der Endger\u00e4te ist hierbei abh\u00e4ngig von der Sendeleistung des Access Point im WLAN-Routers. Hier gilt: Je mehr Dezibel, umso weitreichender. Nicht weniger wichtig ist die Qualit\u00e4t der angeschlossene Antenne: Mitglieferte Antennen sollten bei zu niedriger Sendeleistung durch leistungsf\u00e4higere ersetzt werden. Und bei der Positionierung des Ger\u00e4tes hilft der logische Menschenverstand: Abschirmungen, bspw. durch einen metallenen Aktenschrank, sind zu vermeiden, damit alle Ger\u00e4te bestm\u00f6glichen Zugang zum Access Point erhalten. Wer all das beherzigt, kann sich ohne nennenswerte Leistungseinbu\u00dfen frei im Raum bewegen.<\/p>\n<p>Router lenken den Netzwerkverkehr des lokalen Netzwerkes von innen oder nach aussen. WLAN-Router verbinden also die kabelungebundenen und, je nach Aussstattung kabelgebundenen, Endger\u00e4te des eigenen Netzwerks mit der Aussenwelt, die je nach Anwendungsfall ein weiteres lokales Netzwerk ist und\/oder schlicht das Internet darstellt: Hauptanwendungsfall f\u00fcr WLAN-Router ist inzwischen der einfache Zugang zum Internet, vom Internetzugangsprovider vorkonfigurierte Ger\u00e4te erlauben das bereits ohne weitere Einstellungen. <\/p>\n","protected":false},"excerpt":{"rendered":"<p>WLAN-Router vereinen zwei Funktionen in einem: Ein Access Point erm\u00f6glicht den Aufbau eines drahtlosen, lokalen Netzwerkes aus kabelungebundenen Ger\u00e4ten wie Personal Digtal Assistants (kurz PDA) und Notebooks. Ein Router verbindet das so etablierte Netzwerk mit der Aussenwelt, also beispielsweise anderen lokalen Netzwerken oder dem Internet. Ob das lokale Netzwerk aus nur einem oder dutzenden Endger\u00e4ten [&hellip;]<\/p>\n","protected":false},"author":1,"featured_media":0,"parent":10590,"menu_order":0,"comment_status":"closed","ping_status":"closed","template":"","meta":{"footnotes":""},"class_list":["post-10622","page","type-page","status-publish","hentry"],"_links":{"self":[{"href":"https:\/\/udo.springfeld.eu\/blog\/wp-json\/wp\/v2\/pages\/10622","targetHints":{"allow":["GET"]}}],"collection":[{"href":"https:\/\/udo.springfeld.eu\/blog\/wp-json\/wp\/v2\/pages"}],"about":[{"href":"https:\/\/udo.springfeld.eu\/blog\/wp-json\/wp\/v2\/types\/page"}],"author":[{"embeddable":true,"href":"https:\/\/udo.springfeld.eu\/blog\/wp-json\/wp\/v2\/users\/1"}],"replies":[{"embeddable":true,"href":"https:\/\/udo.springfeld.eu\/blog\/wp-json\/wp\/v2\/comments?post=10622"}],"version-history":[{"count":2,"href":"https:\/\/udo.springfeld.eu\/blog\/wp-json\/wp\/v2\/pages\/10622\/revisions"}],"predecessor-version":[{"id":10624,"href":"https:\/\/udo.springfeld.eu\/blog\/wp-json\/wp\/v2\/pages\/10622\/revisions\/10624"}],"up":[{"embeddable":true,"href":"https:\/\/udo.springfeld.eu\/blog\/wp-json\/wp\/v2\/pages\/10590"}],"wp:attachment":[{"href":"https:\/\/udo.springfeld.eu\/blog\/wp-json\/wp\/v2\/media?parent=10622"}],"curies":[{"name":"wp","href":"https:\/\/api.w.org\/{rel}","templated":true}]}}